{"id":594,"date":"2018-06-27T10:26:18","date_gmt":"2018-06-27T10:26:18","guid":{"rendered":"http:\/\/svetac35.com\/pasman_holidays\/?page_id=594"},"modified":"2019-10-28T14:52:37","modified_gmt":"2019-10-28T14:52:37","slug":"privatnost-podataka","status":"publish","type":"page","link":"https:\/\/riviera-pasman.com\/en\/privatnost-podataka\/","title":{"rendered":"Privatnost Podataka"},"content":{"rendered":"<p>Kako bi ova web stranica radila pravilno, kako bismo bili u stanju vr\u0161iti daljnja unaprje\u0111enja stranice, u svrhu pobolj\u0161avanja va\u0161ega iskustva pregledavanja, ova stranica mora na va\u0161e ra\u010dunalo spremiti malenu koli\u010dinu informacija \u2013 kola\u010di\u0107a( Cookies ) . Preko 90 % svih web stranica koristi ovu praksu no prema regulacijama Europske unije. Obvezni smo prije spremanja Cookie-a zatra\u017eiti va\u0161 pristanak. Kori\u0161tenjem web stranice pristajete na uporabu Cookie-a. Blokiranjem cookie i dalje mo\u017eete pregledavati stranicu, no neke njezine mogu\u0107nosti Vam ne\u0107e biti dostupne.<\/p>\n<p>\u0160to je kola\u010di\u0107?<br \/>\nKola\u010di\u0107 je informacija spremljena na Va\u0161e ra\u010dunalo od strane web stranice koju posjetite. Kola\u010di\u0107i obi\u010dno spremaju Va\u0161e postavke, postavke za web stranicu, kao \u0161to su preferirani jezik ili adresa. Kasnije, kada opet otvorite istu web stranicu internet preglednik \u0161alje natrag kola\u010di\u0107e koji pripadaju toj stranici. Ovo omogu\u0107ava stranici da prika\u017ee informacije prilago\u0111ene Va\u0161im potrebama.<\/p>\n<p>Kola\u010di\u0107i mogu spremati \u0161irok pojas informacija uklju\u010duju\u0107i osobne informacije (kao \u0161to je Va\u0161e ime ili e-mail adresa). Ipak, ova informacija mo\u017ee biti spremljena jedino ako Vi to omogu\u0107ite \u2013 web stranice ne mogu dobiti pristup informacijama koji im Vi niste dali i ne mogu pristupiti drugim datotekama na Va\u0161em ra\u010dunalu. Zadane aktivnosti spremanja i slanja kola\u010di\u0107a Vama nisu vidljive. Ipak, mo\u017eete promjeniti Va\u0161e postavke internet preglednika da mo\u017eete sami birati ho\u0107ete li zahtjeve za spremanje kola\u010di\u0107a odobriti ili odbiti, pobri\u0161ete spremljene kola\u010di\u0107e automatski pri zatvaranju internet preglednika i sli\u010dno.<\/p>\n<p>Kako onemogu\u0107iti kola\u010di\u0107e<br \/>\nIsklju\u010divanjem kola\u010di\u0107a odlu\u010dujete da li ho\u0107ete dopustiti pohranjivanje kola\u010di\u0107a na va\u0161em ra\u010dunalu. Cookie postavke mogu se kontrolirati i konfigurirati u va\u0161em web pregledniku. Za informacije o postavkama kola\u010di\u0107a, odaberite web-preglednik koji koristite. \u2022 Chrome \u2022 Firefox \u2022 Internet Explorer 9 \u2022 Internet Explorer 7 i 8 \u2022 Opera (stranica na engleskom jeziku) \u2022 Safari (stranica na engleskom) Ako onemogu\u0107ite kola\u010di\u0107e, ne\u0107ete mo\u0107i koristiti neke od funkcionalnosti na web stranicama.<\/p>\n<p>\u0160to su privremeni kola\u010di\u0107i?<br \/>\nPrivremeni kola\u010di\u0107i ili kola\u010di\u0107i sesije uklanjaju se s ra\u010dunala po zatvaranju internet preglednika. Pomo\u0107u njih web-mjesta pohranjuju privremene podatke, poput stavki u ko\u0161arici za kupnju.<\/p>\n<p>\u0160to su stalni kola\u010di\u0107i?<br \/>\nStalni ili spremljeni kola\u010di\u0107i ostaju na ra\u010dunalu nakon zatvaranja programa internet preglednika. Pomo\u0107u njih web-mjesta pohranjuju podatke, kao \u0161to su ime za prijavu i lozinka, tako da se ne morate prijavljivati prilikom svakog posjeta odre\u0111enom mjestu. Stalni kola\u010di\u0107i ostat \u0107e na ra\u010dunalu danima, mjesecima, \u010dak i godinama.<\/p>\n<p>\u0160to su kola\u010di\u0107i od prve strane?<br \/>\nKola\u010di\u0107i od prve strane dolaze s web-mjesta koje gledate, a mogu biti stalni ili privremeni. Pomo\u0107u tih kola\u010di\u0107a web-mjesta mogu pohraniti podatke koje \u0107e ponovo koristiti prilikom sljede\u0107eg posjeta tom web-mjestu.<\/p>\n<p>\u0160to su kola\u010di\u0107i tre\u0107e strane?<br \/>\nKola\u010di\u0107i tre\u0107e strane dolaze s reklama drugih web-mjesta (kao \u0161to su sko\u010dne ili druge reklame) koje se nalaze na web-mjestu koje gledate. Pomo\u0107u tih kola\u010di\u0107a web-mjesta mogu pratiti kori\u0161tenje Interneta u marketin\u0161ke svrhe.<\/p>\n<p>pasman-holidays.com isto koristi kola\u010di\u0107e a evo i za\u0161to:<br \/>\nPrivremeni kola\u010di\u0107i (Session cookies) \u2013 to su privremeni kola\u010di\u0107i koji isti\u010du (i automatski se bri\u0161u) kada zatvorite internet preglednik. Mi koristimo session cookies da omogu\u0107imo pristup sadr\u017eaju i omogu\u0107imo komentiranje (stvari koje morate u\u010diniti kada se prijavite sa svojim podacima na web stranicu).<br \/>\nTrajni kola\u010di\u0107i (Persistent cookies) \u2013 ti obi\u010dno imaju datum isteka daleko u budu\u0107nost i tako \u0107e ostati u va\u0161em pregledniku, dok ne isteknu, ili dok ih ru\u010dno ne izbri\u0161ete. Mi koristimo trajne kola\u010di\u0107e za funkcionalnostima kao \u0161to su \u201cOstanite prijavljeni\u201d tickbox, \u0161to korisnicima olak\u0161ava pristup kao registriranom korisniku. Mi tako\u0111er koristimo trajne kola\u010di\u0107e kako bi bolje razumjeli navike korisnika, tako da mo\u017eemo pobolj\u0161ati web stranicu prema va\u0161im navikama. Ova informacija je anonimna \u2013 ne vidimo va\u0161e individualne podatke.<br \/>\nDa li na web stranici ima kola\u010di\u0107a tre\u0107e strane?<br \/>\nIma nekoliko vanjskih servisa koji korisniku spremaju limitirane kola\u010di\u0107e. Ovi kola\u010di\u0107i nisu postavljeni od strane ove web stranice, ali neki slu\u017ee za normalno funkcioniranje odre\u0111enih mogu\u0107nosti koje korisnicima olak\u0161avaju pristup sadr\u017eaju. Trenutno omogu\u0107ujemo:<\/p>\n<p>Dru\u0161tvene mre\u017ee<br \/>\nDijeljenje \u010dlanaka na dru\u0161tevnim mre\u017eama postavlja korisniku kola\u010di\u0107e.<br \/>\nMjerenje posje\u0107enosti<br \/>\nriviera-pasman.com koristi servis za mjerenje posje\u0107enosti, Google analytics.<br \/>\nAko \u017eelite onemogu\u0107iti da vam navedeni servisi spremaju kola\u010di\u0107e, mo\u017eete ih zabraniti na sljede\u0107em linku: Google Analytics \u2013 https:\/\/tools.google.com\/dlpage\/gaoptout<br \/>\nDodatne informacija oko isklju\u010divanja kola\u010di\u0107a<br \/>\nTrenutno postoji nekoliko web stranica za isklju\u010divanje pohranjivanja kola\u010di\u0107a za razli\u010dite servise.<\/p>\n<p>Vi\u0161e se mo\u017eete informirati na sljede\u0107im linkovima:<\/p>\n<p>http:\/\/www.allaboutcookies.org\/<br \/>\nhttp:\/\/www.youronlinechoices.eu\/<br \/>\nhttp:\/\/www.aboutads.info\/choices\/<\/p>","protected":false},"excerpt":{"rendered":"<p>Kako bi ova web stranica radila pravilno, kako bismo bili u stanju vr\u0161iti daljnja unaprje\u0111enja stranice, u svrhu pobolj\u0161avanja va\u0161ega iskustva pregledavanja, ova stranica mora na va\u0161e ra\u010dunalo spremiti malenu koli\u010dinu informacija \u2013 kola\u010di\u0107a( Cookies ) . Preko 90 % svih web stranica koristi ovu praksu no prema regulacijama Europske unije. Obvezni smo prije spremanja &hellip; <a href=\"https:\/\/riviera-pasman.com\/en\/privatnost-podataka\/\" class=\"more-link\">Continue reading<span class=\"screen-reader-text\"> &#8220;Privatnost Podataka&#8221;<\/span><\/a><\/p>\n","protected":false},"author":1,"featured_media":0,"parent":0,"menu_order":0,"comment_status":"closed","ping_status":"closed","template":"","meta":[],"yst_prominent_words":[],"_links":{"self":[{"href":"https:\/\/riviera-pasman.com\/en\/wp-json\/wp\/v2\/pages\/594"}],"collection":[{"href":"https:\/\/riviera-pasman.com\/en\/wp-json\/wp\/v2\/pages"}],"about":[{"href":"https:\/\/riviera-pasman.com\/en\/wp-json\/wp\/v2\/types\/page"}],"author":[{"embeddable":true,"href":"https:\/\/riviera-pasman.com\/en\/wp-json\/wp\/v2\/users\/1"}],"replies":[{"embeddable":true,"href":"https:\/\/riviera-pasman.com\/en\/wp-json\/wp\/v2\/comments?post=594"}],"version-history":[{"count":2,"href":"https:\/\/riviera-pasman.com\/en\/wp-json\/wp\/v2\/pages\/594\/revisions"}],"predecessor-version":[{"id":998,"href":"https:\/\/riviera-pasman.com\/en\/wp-json\/wp\/v2\/pages\/594\/revisions\/998"}],"wp:attachment":[{"href":"https:\/\/riviera-pasman.com\/en\/wp-json\/wp\/v2\/media?parent=594"}],"wp:term":[{"taxonomy":"yst_prominent_words","embeddable":true,"href":"https:\/\/riviera-pasman.com\/en\/wp-json\/wp\/v2\/yst_prominent_words?post=594"}],"curies":[{"name":"wp","href":"https:\/\/api.w.org\/{rel}","templated":true}]}}